{"id":758,"date":"2025-12-16T16:46:10","date_gmt":"2025-12-16T15:46:10","guid":{"rendered":"https:\/\/www.roessle.ag\/our-team\/"},"modified":"2026-01-13T16:19:22","modified_gmt":"2026-01-13T15:19:22","slug":"our-team","status":"publish","type":"page","link":"https:\/\/www.roessle.ag\/en\/our-team\/","title":{"rendered":"Our team"},"content":{"rendered":"\t\t<div data-elementor-type=\"wp-page\" data-elementor-id=\"758\" class=\"elementor elementor-758 elementor-167\" data-elementor-post-type=\"page\">\n\t\t\t\t<div class=\"elementor-element elementor-element-78ca647 e-con-full e-flex e-con e-child\" data-id=\"78ca647\" data-element_type=\"container\" data-e-type=\"container\" data-settings=\"{&quot;background_background&quot;:&quot;classic&quot;}\">\n\t\t<div class=\"elementor-element elementor-element-29c6c34 animated-slow e-flex e-con-boxed elementor-invisible e-con e-child\" data-id=\"29c6c34\" data-element_type=\"container\" data-e-type=\"container\" data-settings=\"{&quot;animation&quot;:&quot;fadeIn&quot;}\">\n\t\t\t\t\t<div class=\"e-con-inner\">\n\t\t\t\t<div class=\"elementor-element elementor-element-73f83f9 elementor-widget elementor-widget-heading\" data-id=\"73f83f9\" data-element_type=\"widget\" data-e-type=\"widget\" data-widget_type=\"heading.default\">\n\t\t\t\t\t<h1 class=\"elementor-heading-title elementor-size-default\">Working together in a family environment<\/h1>\t\t\t\t<\/div>\n\t\t\t\t<div class=\"elementor-element elementor-element-87bcb4b elementor-widget elementor-widget-heading\" data-id=\"87bcb4b\" data-element_type=\"widget\" data-e-type=\"widget\" data-widget_type=\"heading.default\">\n\t\t\t\t\t<h4 class=\"elementor-heading-title elementor-size-default\">\"A company is only as good as its employees.\" - Mary Kay Ash<\/h4>\t\t\t\t<\/div>\n\t\t\t\t<div class=\"elementor-element elementor-element-63ba0e3 elementor-widget-divider--view-line elementor-widget elementor-widget-divider\" data-id=\"63ba0e3\" data-element_type=\"widget\" data-e-type=\"widget\" data-widget_type=\"divider.default\">\n\t\t\t\t\t\t\t<div class=\"elementor-divider\">\n\t\t\t<span class=\"elementor-divider-separator\">\n\t\t\t\t\t\t<\/span>\n\t\t<\/div>\n\t\t\t\t\t\t<\/div>\n\t\t\t\t<div class=\"elementor-element elementor-element-eb3419c elementor-widget elementor-widget-image\" data-id=\"eb3419c\" data-element_type=\"widget\" data-e-type=\"widget\" data-widget_type=\"image.default\">\n\t\t\t\t\t\t\t\t\t\t\t\t\t\t\t<img fetchpriority=\"high\" decoding=\"async\" width=\"1140\" height=\"760\" src=\"https:\/\/www.roessle.ag\/wp-content\/uploads\/2025\/12\/Team_2025_1140.webp\" class=\"attachment-full size-full wp-image-724\" alt=\"\" srcset=\"https:\/\/www.roessle.ag\/wp-content\/uploads\/2025\/12\/Team_2025_1140.webp 1140w, https:\/\/www.roessle.ag\/wp-content\/uploads\/2025\/12\/Team_2025_1140-300x200.webp 300w, https:\/\/www.roessle.ag\/wp-content\/uploads\/2025\/12\/Team_2025_1140-1024x683.webp 1024w, https:\/\/www.roessle.ag\/wp-content\/uploads\/2025\/12\/Team_2025_1140-768x512.webp 768w\" sizes=\"(max-width: 1140px) 100vw, 1140px\" \/>\t\t\t\t\t\t\t\t\t\t\t\t\t\t\t<\/div>\n\t\t\t\t<div class=\"elementor-element elementor-element-12850f1 elementor-widget elementor-widget-text-editor\" data-id=\"12850f1\" data-element_type=\"widget\" data-e-type=\"widget\" data-widget_type=\"text-editor.default\">\n\t\t\t\t\t\t\t\t\t<div class=\"elementor-element elementor-element-ca1f1e5 elementor-widget elementor-widget-text-editor\" data-id=\"ca1f1e5\" data-element_type=\"widget\" data-widget_type=\"text-editor.default\"><div class=\"elementor-widget-container\"><p>That is why our employees are our most valuable asset, without whom we would not be able to develop further. Our advantage as a family business is that, in addition to the family working atmosphere, there is a close bond and a high level of trust between our employees and the bosses. This creates a sense of belonging and cohesion and has a positive effect on our working atmosphere. In addition, our team is always in close contact, which facilitates quick decisions and gives us great agility and flexibility.   <\/p><p>Hubert, son of company founder Georg R\u00f6ssle, and Renate R\u00f6ssle are the second generation to run R\u00f6ssle AG. In addition, the future is already in the starting blocks: with sons Leonhard and Georg, the third generation has already joined the company. <\/p><p>In addition to the R\u00f6ssle family, our team currently consists of eight other employees and two trainees. We are particularly proud of the &#8220;hand-in-hand&#8221; mentality in our team. Of course, each employee has their own areas of responsibility, but if support is needed, everyone helps everyone else. A team full of all-rounders through and through.   <\/p><\/div><\/div>\t\t\t\t\t\t\t\t<\/div>\n\t\t\t\t\t<\/div>\n\t\t\t\t<\/div>\n\t\t\t\t<\/div>\n\t\t<div class=\"elementor-element elementor-element-bd969c3 e-con-full e-flex e-con e-child\" data-id=\"bd969c3\" data-element_type=\"container\" data-e-type=\"container\" data-settings=\"{&quot;background_background&quot;:&quot;classic&quot;}\">\n\t\t<div class=\"elementor-element elementor-element-ba4d9db animated-slow e-flex e-con-boxed elementor-invisible e-con e-child\" data-id=\"ba4d9db\" data-element_type=\"container\" data-e-type=\"container\" data-settings=\"{&quot;animation&quot;:&quot;fadeIn&quot;}\">\n\t\t\t\t\t<div class=\"e-con-inner\">\n\t\t<div class=\"elementor-element elementor-element-ab7d797 e-con-full e-flex e-con e-child\" data-id=\"ab7d797\" data-element_type=\"container\" data-e-type=\"container\">\n\t\t\t\t<div class=\"elementor-element elementor-element-dd21e96 elementor-widget elementor-widget-heading\" data-id=\"dd21e96\" data-element_type=\"widget\" data-e-type=\"widget\" data-widget_type=\"heading.default\">\n\t\t\t\t\t<h1 class=\"elementor-heading-title elementor-size-default\">Shipping team<\/h1>\t\t\t\t<\/div>\n\t\t\t\t<div class=\"elementor-element elementor-element-185f5d7 elementor-widget elementor-widget-text-editor\" data-id=\"185f5d7\" data-element_type=\"widget\" data-e-type=\"widget\" data-widget_type=\"text-editor.default\">\n\t\t\t\t\t\t\t\t\t<div class=\"elementor-element elementor-element-ca1f1e5 elementor-widget elementor-widget-text-editor\" data-id=\"ca1f1e5\" data-element_type=\"widget\" data-widget_type=\"text-editor.default\"><div class=\"elementor-widget-container\">Together with our apprentice Christoph, Samuel takes care of orders, the online store and shipping. Samuel is a trained e-commerce merchant and keeps the online store up to date and helps with shipping at peak times. Christoph is in his second year of training as an industrial clerk. Together with Hubert, he has an overview of the orders and always checks that everything is sent to our customers as quickly as possible.   <\/div><\/div>\t\t\t\t\t\t\t\t<\/div>\n\t\t\t\t<\/div>\n\t\t<div class=\"elementor-element elementor-element-85c43f6 e-con-full e-flex e-con e-child\" data-id=\"85c43f6\" data-element_type=\"container\" data-e-type=\"container\">\n\t\t\t\t<div class=\"elementor-element elementor-element-f0433b2 elementor-widget elementor-widget-image\" data-id=\"f0433b2\" data-element_type=\"widget\" data-e-type=\"widget\" data-widget_type=\"image.default\">\n\t\t\t\t\t\t\t\t\t\t\t\t\t\t\t<img decoding=\"async\" width=\"800\" height=\"534\" src=\"https:\/\/www.roessle.ag\/wp-content\/uploads\/2025\/12\/team_versand.webp\" class=\"attachment-large size-large wp-image-754\" alt=\"\" srcset=\"https:\/\/www.roessle.ag\/wp-content\/uploads\/2025\/12\/team_versand.webp 800w, https:\/\/www.roessle.ag\/wp-content\/uploads\/2025\/12\/team_versand-300x200.webp 300w, https:\/\/www.roessle.ag\/wp-content\/uploads\/2025\/12\/team_versand-768x513.webp 768w\" sizes=\"(max-width: 800px) 100vw, 800px\" \/>\t\t\t\t\t\t\t\t\t\t\t\t\t\t\t<\/div>\n\t\t\t\t<\/div>\n\t\t\t\t\t<\/div>\n\t\t\t\t<\/div>\n\t\t\t\t<\/div>\n\t\t<div class=\"elementor-element elementor-element-844085e e-con-full e-flex e-con e-child\" data-id=\"844085e\" data-element_type=\"container\" data-e-type=\"container\">\n\t\t<div class=\"elementor-element elementor-element-19cd8bb animated-slow e-flex e-con-boxed elementor-invisible e-con e-child\" data-id=\"19cd8bb\" data-element_type=\"container\" data-e-type=\"container\" data-settings=\"{&quot;animation&quot;:&quot;fadeIn&quot;}\">\n\t\t\t\t\t<div class=\"e-con-inner\">\n\t\t<div class=\"elementor-element elementor-element-8e8d000 e-con-full e-flex e-con e-child\" data-id=\"8e8d000\" data-element_type=\"container\" data-e-type=\"container\">\n\t\t\t\t<div class=\"elementor-element elementor-element-9fc2040 elementor-widget elementor-widget-image\" data-id=\"9fc2040\" data-element_type=\"widget\" data-e-type=\"widget\" data-widget_type=\"image.default\">\n\t\t\t\t\t\t\t\t\t\t\t\t\t\t\t<img decoding=\"async\" width=\"800\" height=\"534\" src=\"https:\/\/www.roessle.ag\/wp-content\/uploads\/2025\/12\/team_stein.webp\" class=\"attachment-large size-large wp-image-755\" alt=\"\" srcset=\"https:\/\/www.roessle.ag\/wp-content\/uploads\/2025\/12\/team_stein.webp 800w, https:\/\/www.roessle.ag\/wp-content\/uploads\/2025\/12\/team_stein-300x200.webp 300w, https:\/\/www.roessle.ag\/wp-content\/uploads\/2025\/12\/team_stein-768x513.webp 768w\" sizes=\"(max-width: 800px) 100vw, 800px\" \/>\t\t\t\t\t\t\t\t\t\t\t\t\t\t\t<\/div>\n\t\t\t\t<\/div>\n\t\t<div class=\"elementor-element elementor-element-7e7708f e-con-full e-flex e-con e-child\" data-id=\"7e7708f\" data-element_type=\"container\" data-e-type=\"container\">\n\t\t\t\t<div class=\"elementor-element elementor-element-8c46511 elementor-widget elementor-widget-heading\" data-id=\"8c46511\" data-element_type=\"widget\" data-e-type=\"widget\" data-widget_type=\"heading.default\">\n\t\t\t\t\t<h1 class=\"elementor-heading-title elementor-size-default\">Team Stone<\/h1>\t\t\t\t<\/div>\n\t\t\t\t<div class=\"elementor-element elementor-element-95f5f0b elementor-widget elementor-widget-text-editor\" data-id=\"95f5f0b\" data-element_type=\"widget\" data-e-type=\"widget\" data-widget_type=\"text-editor.default\">\n\t\t\t\t\t\t\t\t\t<div class=\"elementor-element elementor-element-ca1f1e5 elementor-widget elementor-widget-text-editor\" data-id=\"ca1f1e5\" data-element_type=\"widget\" data-widget_type=\"text-editor.default\"><div class=\"elementor-widget-container\">Rouven and Jaswant are our Team Stein. Even if they don&#8217;t have anything directly to do with our pond area, they are indispensable. Rouven knows every natural stone on the company premises personally and keeps on top of things even in the stressful summer. Jaswant is the oldest member of the team. He has been in charge of the forklifts for over 30 years and helps with all large orders with his precise driving style and calm charisma.    <\/div><\/div>\t\t\t\t\t\t\t\t<\/div>\n\t\t\t\t<\/div>\n\t\t\t\t\t<\/div>\n\t\t\t\t<\/div>\n\t\t\t\t<\/div>\n\t\t<div class=\"elementor-element elementor-element-7afa635 e-con-full e-flex e-con e-child\" data-id=\"7afa635\" data-element_type=\"container\" data-e-type=\"container\" data-settings=\"{&quot;background_background&quot;:&quot;classic&quot;}\">\n\t\t<div class=\"elementor-element elementor-element-a3b350c animated-slow e-flex e-con-boxed elementor-invisible e-con e-child\" data-id=\"a3b350c\" data-element_type=\"container\" data-e-type=\"container\" data-settings=\"{&quot;animation&quot;:&quot;fadeIn&quot;}\">\n\t\t\t\t\t<div class=\"e-con-inner\">\n\t\t<div class=\"elementor-element elementor-element-b4e850f e-con-full e-flex e-con e-child\" data-id=\"b4e850f\" data-element_type=\"container\" data-e-type=\"container\">\n\t\t\t\t<div class=\"elementor-element elementor-element-34fe835 elementor-widget elementor-widget-heading\" data-id=\"34fe835\" data-element_type=\"widget\" data-e-type=\"widget\" data-widget_type=\"heading.default\">\n\t\t\t\t\t<h1 class=\"elementor-heading-title elementor-size-default\">Assembly team<\/h1>\t\t\t\t<\/div>\n\t\t\t\t<div class=\"elementor-element elementor-element-ff0e983 elementor-widget elementor-widget-text-editor\" data-id=\"ff0e983\" data-element_type=\"widget\" data-e-type=\"widget\" data-widget_type=\"text-editor.default\">\n\t\t\t\t\t\t\t\t\t<div class=\"elementor-element elementor-element-ca1f1e5 elementor-widget elementor-widget-text-editor\" data-id=\"ca1f1e5\" data-element_type=\"widget\" data-widget_type=\"text-editor.default\"><div class=\"elementor-widget-container\">Maxim assembles every single vacuum cleaner in our assembly department. With precision and skill, he is responsible for the consistent quality of our products so that our customers remain satisfied for years to come. Stefan is our all-round weapon. He takes care of the pre-assembly and helps with anything that requires a lot of strength. Together they keep our stocks full so that we can always deliver quickly.    <\/div><\/div>\t\t\t\t\t\t\t\t<\/div>\n\t\t\t\t<\/div>\n\t\t<div class=\"elementor-element elementor-element-2155291 e-con-full e-flex e-con e-child\" data-id=\"2155291\" data-element_type=\"container\" data-e-type=\"container\">\n\t\t\t\t<div class=\"elementor-element elementor-element-cb05ca5 elementor-widget elementor-widget-image\" data-id=\"cb05ca5\" data-element_type=\"widget\" data-e-type=\"widget\" data-widget_type=\"image.default\">\n\t\t\t\t\t\t\t\t\t\t\t\t\t\t\t<img loading=\"lazy\" decoding=\"async\" width=\"800\" height=\"534\" src=\"https:\/\/www.roessle.ag\/wp-content\/uploads\/2025\/12\/team_montage.webp\" class=\"attachment-large size-large wp-image-756\" alt=\"\" srcset=\"https:\/\/www.roessle.ag\/wp-content\/uploads\/2025\/12\/team_montage.webp 800w, https:\/\/www.roessle.ag\/wp-content\/uploads\/2025\/12\/team_montage-300x200.webp 300w, https:\/\/www.roessle.ag\/wp-content\/uploads\/2025\/12\/team_montage-768x513.webp 768w\" sizes=\"(max-width: 800px) 100vw, 800px\" \/>\t\t\t\t\t\t\t\t\t\t\t\t\t\t\t<\/div>\n\t\t\t\t<\/div>\n\t\t\t\t\t<\/div>\n\t\t\t\t<\/div>\n\t\t\t\t<\/div>\n\t\t<div class=\"elementor-element elementor-element-179bb37 e-con-full e-flex e-con e-child\" data-id=\"179bb37\" data-element_type=\"container\" data-e-type=\"container\">\n\t\t<div class=\"elementor-element elementor-element-e209d86 animated-slow e-flex e-con-boxed elementor-invisible e-con e-child\" data-id=\"e209d86\" data-element_type=\"container\" data-e-type=\"container\" data-settings=\"{&quot;animation&quot;:&quot;fadeIn&quot;}\">\n\t\t\t\t\t<div class=\"e-con-inner\">\n\t\t<div class=\"elementor-element elementor-element-8e77e45 e-con-full e-flex e-con e-child\" data-id=\"8e77e45\" data-element_type=\"container\" data-e-type=\"container\">\n\t\t\t\t<div class=\"elementor-element elementor-element-760bc63 elementor-widget elementor-widget-image\" data-id=\"760bc63\" data-element_type=\"widget\" data-e-type=\"widget\" data-widget_type=\"image.default\">\n\t\t\t\t\t\t\t\t\t\t\t\t\t\t\t<img loading=\"lazy\" decoding=\"async\" width=\"800\" height=\"534\" src=\"https:\/\/www.roessle.ag\/wp-content\/uploads\/2025\/12\/team_reparatur.webp\" class=\"attachment-large size-large wp-image-757\" alt=\"\" srcset=\"https:\/\/www.roessle.ag\/wp-content\/uploads\/2025\/12\/team_reparatur.webp 800w, https:\/\/www.roessle.ag\/wp-content\/uploads\/2025\/12\/team_reparatur-300x200.webp 300w, https:\/\/www.roessle.ag\/wp-content\/uploads\/2025\/12\/team_reparatur-768x513.webp 768w\" sizes=\"(max-width: 800px) 100vw, 800px\" \/>\t\t\t\t\t\t\t\t\t\t\t\t\t\t\t<\/div>\n\t\t\t\t<\/div>\n\t\t<div class=\"elementor-element elementor-element-976d238 e-con-full e-flex e-con e-child\" data-id=\"976d238\" data-element_type=\"container\" data-e-type=\"container\">\n\t\t\t\t<div class=\"elementor-element elementor-element-45b9323 elementor-widget elementor-widget-heading\" data-id=\"45b9323\" data-element_type=\"widget\" data-e-type=\"widget\" data-widget_type=\"heading.default\">\n\t\t\t\t\t<h1 class=\"elementor-heading-title elementor-size-default\">Team Repair<\/h1>\t\t\t\t<\/div>\n\t\t\t\t<div class=\"elementor-element elementor-element-627829b elementor-widget elementor-widget-text-editor\" data-id=\"627829b\" data-element_type=\"widget\" data-e-type=\"widget\" data-widget_type=\"text-editor.default\">\n\t\t\t\t\t\t\t\t\t<div class=\"elementor-element elementor-element-ca1f1e5 elementor-widget elementor-widget-text-editor\" data-id=\"ca1f1e5\" data-element_type=\"widget\" data-widget_type=\"text-editor.default\"><div class=\"elementor-widget-container\">If something does break, Bernhard and Leonhard are there to help. They know the vacuum cleaners by heart and are quick to give advice on minor defects by phone or e-mail. If there is a major defect, they take care of the repair as quickly as possible.   Thanks to our large stock of spare parts, they can always guarantee a quick repair that is kept as cost-effective as possible for our customers.<\/div><\/div>\t\t\t\t\t\t\t\t<\/div>\n\t\t\t\t<\/div>\n\t\t\t\t\t<\/div>\n\t\t\t\t<\/div>\n\t\t\t\t<\/div>\n\t\t<div class=\"elementor-element elementor-element-3039539 e-con-full e-flex elementor-invisible e-con e-child\" data-id=\"3039539\" data-element_type=\"container\" data-e-type=\"container\" data-settings=\"{&quot;background_background&quot;:&quot;classic&quot;,&quot;animation&quot;:&quot;fadeIn&quot;}\">\n\t\t<div class=\"elementor-element elementor-element-0ee858b animated-slow e-flex e-con-boxed elementor-invisible e-con e-child\" data-id=\"0ee858b\" data-element_type=\"container\" data-e-type=\"container\" data-settings=\"{&quot;animation&quot;:&quot;fadeIn&quot;}\">\n\t\t\t\t\t<div class=\"e-con-inner\">\n\t\t<div class=\"elementor-element elementor-element-af5bae3 e-con-full e-flex e-con e-child\" data-id=\"af5bae3\" data-element_type=\"container\" data-e-type=\"container\">\n\t\t\t\t<div class=\"elementor-element elementor-element-4aef649 elementor-widget elementor-widget-heading\" data-id=\"4aef649\" data-element_type=\"widget\" data-e-type=\"widget\" data-widget_type=\"heading.default\">\n\t\t\t\t\t<h1 class=\"elementor-heading-title elementor-size-default\">Contact us<\/h1>\t\t\t\t<\/div>\n\t\t\t\t<div class=\"elementor-element elementor-element-f0593cd elementor-widget elementor-widget-heading\" data-id=\"f0593cd\" data-element_type=\"widget\" data-e-type=\"widget\" data-widget_type=\"heading.default\">\n\t\t\t\t\t<h4 class=\"elementor-heading-title elementor-size-default\">We look forward to your inquiry.<\/h4>\t\t\t\t<\/div>\n\t\t\t\t<div class=\"elementor-element elementor-element-fe57ff8 elementor-widget elementor-widget-button\" data-id=\"fe57ff8\" data-element_type=\"widget\" data-e-type=\"widget\" data-widget_type=\"button.default\">\n\t\t\t\t\t\t\t\t\t\t<a class=\"elementor-button elementor-button-link elementor-size-sm\" href=\"https:\/\/www.roessle.ag\/en\/contact-us\/\">\n\t\t\t\t\t\t<span class=\"elementor-button-content-wrapper\">\n\t\t\t\t\t\t\t\t\t<span class=\"elementor-button-text\">to the contact form<\/span>\n\t\t\t\t\t<\/span>\n\t\t\t\t\t<\/a>\n\t\t\t\t\t\t\t\t<\/div>\n\t\t\t\t<\/div>\n\t\t\t\t\t<\/div>\n\t\t\t\t<\/div>\n\t\t\t\t<\/div>\n\t\t\t\t<\/div>\n\t\t","protected":false},"excerpt":{"rendered":"<p>Working together in a family environment &#8220;A company is only as good as its employees.&#8221; &#8211; Mary Kay Ash That is why our employees are our most valuable asset, without whom we would not be able to develop further. Our advantage as a family business is that, in addition to the family working atmosphere, there [&hellip;]<\/p>\n","protected":false},"author":1,"featured_media":0,"parent":0,"menu_order":0,"comment_status":"closed","ping_status":"closed","template":"","meta":{"footnotes":""},"class_list":["post-758","page","type-page","status-publish","hentry"],"_links":{"self":[{"href":"https:\/\/www.roessle.ag\/en\/wp-json\/wp\/v2\/pages\/758","targetHints":{"allow":["GET"]}}],"collection":[{"href":"https:\/\/www.roessle.ag\/en\/wp-json\/wp\/v2\/pages"}],"about":[{"href":"https:\/\/www.roessle.ag\/en\/wp-json\/wp\/v2\/types\/page"}],"author":[{"embeddable":true,"href":"https:\/\/www.roessle.ag\/en\/wp-json\/wp\/v2\/users\/1"}],"replies":[{"embeddable":true,"href":"https:\/\/www.roessle.ag\/en\/wp-json\/wp\/v2\/comments?post=758"}],"version-history":[{"count":1,"href":"https:\/\/www.roessle.ag\/en\/wp-json\/wp\/v2\/pages\/758\/revisions"}],"predecessor-version":[{"id":759,"href":"https:\/\/www.roessle.ag\/en\/wp-json\/wp\/v2\/pages\/758\/revisions\/759"}],"wp:attachment":[{"href":"https:\/\/www.roessle.ag\/en\/wp-json\/wp\/v2\/media?parent=758"}],"curies":[{"name":"wp","href":"https:\/\/api.w.org\/{rel}","templated":true}]}}